{"id":924,"date":"2025-11-26T16:48:19","date_gmt":"2025-11-26T08:48:19","guid":{"rendered":"http:\/\/120.79.224.121\/?post_type=product&#038;p=924"},"modified":"2026-01-15T10:38:42","modified_gmt":"2026-01-15T02:38:42","slug":"thiet-ke-vuon-tote-bag","status":"publish","type":"product","link":"https:\/\/www.freyavn.com\/index.php\/product\/thiet-ke-vuon-tote-bag\/","title":{"rendered":"Thi\u1ebft k\u1ebf v\u01b0\u1eddn Tote Bag"},"content":{"rendered":"<p data-pm-slice=\"1 1 []\">\ud83c\udf8aCh\u00e0o m\u1eebng b\u1ea1n \u0111\u1ebfn v\u1edbi C\u1eeda h\u00e0ng tr\u1ef1c tuy\u1ebfn ch\u00ednh th\u1ee9c c\u1ee7a FREYA!<\/p>\n<p>\u2705Bao g\u1ed3m: T\u00fai * 1, m\u1eb7t d\u00e2y chuy\u1ec1n * 2, d\u00e2y \u0111eo vai (c\u00f3 th\u1ec3 \u0111i\u1ec1u ch\u1ec9nh) * 1, t\u00fai b\u1ee5i * 1, th\u1ebb treo * 1<\/p>\n<p>\u2705 T\u1ea5t c\u1ea3 c\u00e1c s\u1ea3n ph\u1ea9m s\u1ebd \u0111\u01b0\u1ee3c v\u1eadn chuy\u1ec3n trong 3 ng\u00e0y!<\/p>\n<p>&nbsp;<\/p>\n<p>\ud83d\udc5c\ud83d\udc5cChi ti\u1ebft s\u1ea3n ph\u1ea9m \ud83d\udc5c\ud83d\udc5c<\/p>\n<p>\ud83d\udc5cTh\u00e0nh ph\u1ea7n v\u1ea3i: Da b\u00f2 th\u1eadt<\/p>\n<p>\ud83d\udc5cTh\u00e0nh ph\u1ea7n l\u00f3t: Polyester-cotton<\/p>\n<p>\ud83d\udc5cK\u00edch th\u01b0\u1edbc<\/p>\n<p>Chi\u1ec1u d\u00e0i: 24 cm<\/p>\n<p>Chi\u1ec1u cao: 15,5 cm<\/p>\n<p>\u0110\u1ed9 d\u00e0y: 11 cm<\/p>\n<p><img fetchpriority=\"high\" decoding=\"async\" class=\"alignnone size-full\" src=\"https:\/\/www.freyavn.com\/wp-content\/uploads\/2025\/11\/\u8be6\u60c51\u5927\u56fe-14.jpg\" width=\"1280\" height=\"6035\" \/><img decoding=\"async\" class=\"alignnone size-full\" src=\"https:\/\/www.freyavn.com\/wp-content\/uploads\/2025\/11\/\u8be6\u60c52\u5927\u56fe-13.jpg\" width=\"1280\" height=\"5017\" \/><img decoding=\"async\" class=\"alignnone size-full\" src=\"https:\/\/www.freyavn.com\/wp-content\/uploads\/2025\/11\/\u8be6\u60c53\u5927\u56fe-12.jpg\" width=\"1280\" height=\"4331\" \/><\/p>\n","protected":false},"excerpt":{"rendered":"<p><span data-slate-fragment=\"JTVCJTdCJTIydHlwZSUyMiUzQSUyMnBhcmFncmFwaCUyMiUyQyUyMmNoaWxkcmVuJTIyJTNBJTVCJTdCJTIyaWQlMjIlM0ElMjJlMko0TGp5V2RlJTIyJTJDJTIycGFyYUlkeCUyMiUzQTAlMkMlMjJzcmMlMjIlM0ElMjJUJUMzJUJBaSUyMFRvdGUlMjBEYSUyMFRoJUUxJUJBJUFEdCUyQyUyMEZSRVlBJTJDJTIwVCVDMyVCQWklMjBYJUMzJUExY2glMjBDaG8lMjBOJUUxJUJCJUFGJTJDJTIwVGhpJUUxJUJBJUJGdCUyMEslRTElQkElQkYlMjBWJUM2JUIwJUUxJUJCJTlEbiUyMCVDNCU5MCVFMSVCQiU5OWMlMjAlQzQlOTAlQzMlQTFvJTIwVCVDMyVCQWklMjAlQzQlOTBlbyUyMENoJUMzJUE5byUyQyUyMFQlQzMlQkFpJTIwJUM0JTkwZW8lMjBWYWklMjBEJUUxJUJCJTg1JTIwUGglRTElQkIlOTFpJTIwJUM0JTkwJUUxJUJCJTkzJTIwbGFkeSUyMCUyMGJhZyUyMiUyQyUyMmRzdCUyMiUzQSUyMiVFNyU5QyU5RiVFNyU5QSVBRSVFNiU4OSU4QiVFNiU4RiU5MCVFNSU4QyU4NSVFRiVCQyU4Q0ZSRVlBJUVGJUJDJThDJUU1JUE1JUIzJUU1JUEzJUFCJUU2JTg5JThCJUU2JThGJTkwJUU1JThDJTg1JUVGJUJDJThDJUU3JThCJUFDJUU3JTg5JUI5JUU3JTlBJTg0JUU4JThBJUIxJUU1JTlCJUFEJUU4JUFFJUJFJUU4JUFFJUExJUU0JUJBJUE0JUU1JThGJTg5JUU2JTg5JThCJUU2JThGJTkwJUU1JThDJTg1JUVGJUJDJThDJUU2JTk4JTkzJUU0JUJBJThFJUU2JTkwJUFEJUU5JTg1JThEJUU3JTlBJTg0JUU4JTgyJUE5JUU1JThDJTg1JUU1JUE1JUIzJUU1JUEzJUFCJUU1JThDJTg1JTIyJTJDJTIybWV0YWRhdGElMjIlM0ElMjIlMjIlMkMlMjJtYXRjaGVzJTIyJTNBbnVsbCUyQyUyMnRyYW5zbGF0ZWRCeSUyMiUzQW51bGwlMkMlMjJtZXRhRGF0YSUyMiUzQSU1QiU1RCUyQyUyMnRleHQlMjIlM0ElMjJUJUMzJUJBaSUyMFRvdGUlMjBEYSUyMFRoJUUxJUJBJUFEdCUyQyUyMEZSRVlBJTJDJTIwVCVDMyVCQWklMjBYJUMzJUExY2glMjBDaG8lMjBOJUUxJUJCJUFGJTJDJTIwVGhpJUUxJUJBJUJGdCUyMEslRTElQkElQkYlMjBWJUM2JUIwJUUxJUJCJTlEbiUyMCVDNCU5MCVFMSVCQiU5OWMlMjAlQzQlOTAlQzMlQTFvJTIwVCVDMyVCQWklMjAlQzQlOTBlbyUyMENoJUMzJUE5byUyQyUyMFQlQzMlQkFpJTIwJUM0JTkwZW8lMjBWYWklMjBEJUUxJUJCJTg1JTIwUGglRTElQkIlOTFpJTIwJUM0JTkwJUUxJUJCJTkzJTIwbGFkeSUyMCUyMGJhZyUyMiU3RCU1RCU3RCU1RA==\">T\u00fai Tote Da Th\u1eadt, FREYA, T\u00fai X\u00e1ch Cho N\u1eef, Thi\u1ebft K\u1ebf V\u01b0\u1eddn \u0110\u1ed9c \u0110\u00e1o T\u00fai \u0110eo Ch\u00e9o, T\u00fai \u0110eo Vai D\u1ec5 Ph\u1ed1i \u0110\u1ed3 lady bag<\/span><\/p>\n","protected":false},"featured_media":1157,"comment_status":"open","ping_status":"closed","template":"","meta":[],"product_brand":[],"product_cat":[36,34,33],"product_tag":[],"class_list":{"0":"post-924","1":"product","2":"type-product","3":"status-publish","4":"has-post-thumbnail","6":"product_cat-genuineleatherbag","7":"product_cat-handbag","8":"product_cat-shoulderbag","10":"first","11":"instock","12":"shipping-taxable","13":"purchasable","14":"product-type-variable"},"_links":{"self":[{"href":"https:\/\/www.freyavn.com\/index.php\/wp-json\/wp\/v2\/product\/924","targetHints":{"allow":["GET"]}}],"collection":[{"href":"https:\/\/www.freyavn.com\/index.php\/wp-json\/wp\/v2\/product"}],"about":[{"href":"https:\/\/www.freyavn.com\/index.php\/wp-json\/wp\/v2\/types\/product"}],"replies":[{"embeddable":true,"href":"https:\/\/www.freyavn.com\/index.php\/wp-json\/wp\/v2\/comments?post=924"}],"wp:featuredmedia":[{"embeddable":true,"href":"https:\/\/www.freyavn.com\/index.php\/wp-json\/wp\/v2\/media\/1157"}],"wp:attachment":[{"href":"https:\/\/www.freyavn.com\/index.php\/wp-json\/wp\/v2\/media?parent=924"}],"wp:term":[{"taxonomy":"product_brand","embeddable":true,"href":"https:\/\/www.freyavn.com\/index.php\/wp-json\/wp\/v2\/product_brand?post=924"},{"taxonomy":"product_cat","embeddable":true,"href":"https:\/\/www.freyavn.com\/index.php\/wp-json\/wp\/v2\/product_cat?post=924"},{"taxonomy":"product_tag","embeddable":true,"href":"https:\/\/www.freyavn.com\/index.php\/wp-json\/wp\/v2\/product_tag?post=924"}],"curies":[{"name":"wp","href":"https:\/\/api.w.org\/{rel}","templated":true}]}}