{"id":722,"date":"2025-11-26T15:05:10","date_gmt":"2025-11-26T07:05:10","guid":{"rendered":"http:\/\/120.79.224.121\/?post_type=product&#038;p=722"},"modified":"2026-01-15T11:00:01","modified_gmt":"2026-01-15T03:00:01","slug":"tui-xach-da-du-lich","status":"publish","type":"product","link":"https:\/\/www.freyavn.com\/index.php\/product\/tui-xach-da-du-lich\/","title":{"rendered":"T\u00fai Tote D\u1ec7t B\u1eb1ng Da (35*27*13 CM)"},"content":{"rendered":"<p data-pm-slice=\"1 1 []\">\ud83c\udf8aCh\u00e0o m\u1eebng b\u1ea1n \u0111\u1ebfn v\u1edbi C\u1eeda h\u00e0ng tr\u1ef1c tuy\u1ebfn ch\u00ednh th\u1ee9c c\u1ee7a FREYA!<\/p>\n<p>\u2705Bao g\u1ed3m: T\u00fai * 1, d\u00e2y \u0111eo vai (c\u00f3 th\u1ec3 \u0111i\u1ec1u ch\u1ec9nh) * 1, t\u00fai b\u1ee5i * 1, th\u1ebb treo * 1.<\/p>\n<p>\u2705 T\u1ea5t c\u1ea3 c\u00e1c s\u1ea3n ph\u1ea9m s\u1ebd \u0111\u01b0\u1ee3c v\u1eadn chuy\u1ec3n trong 24 gi\u1edd!<\/p>\n<p>&nbsp;<\/p>\n<p>\ud83d\udc5c\ud83d\udc5cChi ti\u1ebft s\u1ea3n ph\u1ea9m \ud83d\udc5c\ud83d\udc5c<\/p>\n<p>\ud83d\udc5cTh\u00e0nh ph\u1ea7n v\u1ea3i: Da PU ch\u1ea5t l\u01b0\u1ee3ng cao<\/p>\n<p>\ud83d\udc5cTh\u00e0nh ph\u1ea7n l\u00f3t: Polyester-cotton<\/p>\n<p>\ud83d\udc5cK\u00edch th\u01b0\u1edbc t\u00fai<\/p>\n<p>Chi\u1ec1u d\u00e0i: 35 cm<\/p>\n<p>Chi\u1ec1u cao: 27 cm<\/p>\n<p>\u0110\u1ed9 d\u00e0y: 13 cm<\/p>\n<p>\ud83d\udc5cChi\u1ec1u d\u00e0i d\u00e2y \u0111eo ch\u00e9o: 100 cm (C\u00f3 th\u1ec3 \u0111i\u1ec1u ch\u1ec9nh)<\/p>\n<p><img fetchpriority=\"high\" decoding=\"async\" class=\"alignnone size-full\" src=\"https:\/\/www.freyavn.com\/wp-content\/uploads\/2025\/11\/\u8be6\u60c51\u5927\u56fe-7.jpg\" width=\"1280\" height=\"6035\" \/><img decoding=\"async\" class=\"alignnone size-full\" src=\"https:\/\/www.freyavn.com\/wp-content\/uploads\/2025\/11\/\u8be6\u60c53\u5927\u56fe-6.jpg\" width=\"1280\" height=\"5260\" \/><img decoding=\"async\" class=\"alignnone size-full\" src=\"https:\/\/www.freyavn.com\/wp-content\/uploads\/2025\/11\/\u8be6\u60c52\u5927\u56fe-6.jpg\" width=\"1280\" height=\"5030\" \/><\/p>\n","protected":false},"excerpt":{"rendered":"<p>T\u00fai \u0111eo vai d\u1ec7t, FREYA, t\u00fai tote da, t\u00fai Bucket dung t\u00edch l\u1edbn, d\u00e0nh cho ph\u1ee5 n\u1eef, th\u00edch h\u1ee3p \u0111\u1ec3 \u0111i l\u1ea1i<\/p>\n","protected":false},"featured_media":1115,"comment_status":"open","ping_status":"closed","template":"","meta":[],"product_brand":[],"product_cat":[15,37,33,35],"product_tag":[],"class_list":{"0":"post-722","1":"product","2":"type-product","3":"status-publish","4":"has-post-thumbnail","6":"product_cat-totebag","7":"product_cat-nongenuineleatherbag","8":"product_cat-shoulderbag","9":"product_cat-slingbag","11":"first","12":"instock","13":"featured","14":"shipping-taxable","15":"purchasable","16":"product-type-variable"},"_links":{"self":[{"href":"https:\/\/www.freyavn.com\/index.php\/wp-json\/wp\/v2\/product\/722","targetHints":{"allow":["GET"]}}],"collection":[{"href":"https:\/\/www.freyavn.com\/index.php\/wp-json\/wp\/v2\/product"}],"about":[{"href":"https:\/\/www.freyavn.com\/index.php\/wp-json\/wp\/v2\/types\/product"}],"replies":[{"embeddable":true,"href":"https:\/\/www.freyavn.com\/index.php\/wp-json\/wp\/v2\/comments?post=722"}],"wp:featuredmedia":[{"embeddable":true,"href":"https:\/\/www.freyavn.com\/index.php\/wp-json\/wp\/v2\/media\/1115"}],"wp:attachment":[{"href":"https:\/\/www.freyavn.com\/index.php\/wp-json\/wp\/v2\/media?parent=722"}],"wp:term":[{"taxonomy":"product_brand","embeddable":true,"href":"https:\/\/www.freyavn.com\/index.php\/wp-json\/wp\/v2\/product_brand?post=722"},{"taxonomy":"product_cat","embeddable":true,"href":"https:\/\/www.freyavn.com\/index.php\/wp-json\/wp\/v2\/product_cat?post=722"},{"taxonomy":"product_tag","embeddable":true,"href":"https:\/\/www.freyavn.com\/index.php\/wp-json\/wp\/v2\/product_tag?post=722"}],"curies":[{"name":"wp","href":"https:\/\/api.w.org\/{rel}","templated":true}]}}