{"id":583,"date":"2025-11-25T16:22:51","date_gmt":"2025-11-25T08:22:51","guid":{"rendered":"http:\/\/120.79.224.121\/?post_type=product&#038;p=583"},"modified":"2026-01-15T11:17:14","modified_gmt":"2026-01-15T03:17:14","slug":"phu-nu-mem-da-det-tui","status":"publish","type":"product","link":"https:\/\/www.freyavn.com\/index.php\/product\/phu-nu-mem-da-det-tui\/","title":{"rendered":"Ph\u1ee5 n\u1eef m\u1ec1m da d\u1ec7t t\u00fai"},"content":{"rendered":"<p data-pm-slice=\"1 1 []\">\ud83c\udf8aCh\u00e0o m\u1eebng b\u1ea1n \u0111\u1ebfn v\u1edbi C\u1eeda h\u00e0ng tr\u1ef1c tuy\u1ebfn ch\u00ednh th\u1ee9c c\u1ee7a FREYA!<\/p>\n<p>\u2705Bao g\u1ed3m: T\u00fai * 1, d\u00e2y \u0111eo vai * 1, t\u00fai b\u1ee5i * 1, th\u1ebb treo * 1<\/p>\n<p>\u2705 T\u1ea5t c\u1ea3 c\u00e1c s\u1ea3n ph\u1ea9m s\u1ebd \u0111\u01b0\u1ee3c v\u1eadn chuy\u1ec3n trong 2 ng\u00e0y!<\/p>\n<p>&nbsp;<\/p>\n<p>\ud83d\udc5c\ud83d\udc5cChi ti\u1ebft s\u1ea3n ph\u1ea9m \ud83d\udc5c\ud83d\udc5c<\/p>\n<p>\ud83d\udc5cTh\u00e0nh ph\u1ea7n v\u1ea3i: Da PU ch\u1ea5t l\u01b0\u1ee3ng cao<\/p>\n<p>\ud83d\udc5cK\u00edch th\u01b0\u1edbc<\/p>\n<p>Chi\u1ec1u d\u00e0i: 23 cm<\/p>\n<p>Chi\u1ec1u cao: 23 cm<\/p>\n<p>\u0110\u1ed9 d\u00e0y: 5 cm<\/p>\n<p><img fetchpriority=\"high\" decoding=\"async\" class=\"alignnone size-full\" src=\"https:\/\/www.freyavn.com\/wp-content\/uploads\/2025\/11\/\u8be6\u60c51\u5927\u56fe-4.jpg\" width=\"1280\" height=\"6017\" \/><img decoding=\"async\" class=\"alignnone size-full\" src=\"https:\/\/www.freyavn.com\/wp-content\/uploads\/2025\/11\/\u8be6\u60c52\u5927\u56fe-3.jpg\" width=\"1280\" height=\"5108\" \/><img decoding=\"async\" class=\"alignnone size-full\" src=\"https:\/\/www.freyavn.com\/wp-content\/uploads\/2025\/11\/\u8be6\u60c53\u5927\u56fe-3.jpg\" width=\"1280\" height=\"4257\" \/><\/p>\n","protected":false},"excerpt":{"rendered":"<p>T\u00fai Bucket D\u1ec7t, FREYA, T\u00fai X\u00e1ch, T\u00fai \u0110eo Ch\u00e9o D\u00e2y X\u00edch, Da M\u1ec1m, T\u00fai Tote, M\u00e0u Macaroon, T\u00fai N\u1eef<\/p>\n","protected":false},"featured_media":1146,"comment_status":"open","ping_status":"closed","template":"","meta":[],"product_brand":[],"product_cat":[34,37],"product_tag":[],"class_list":{"0":"post-583","1":"product","2":"type-product","3":"status-publish","4":"has-post-thumbnail","6":"product_cat-handbag","7":"product_cat-nongenuineleatherbag","9":"first","10":"instock","11":"shipping-taxable","12":"purchasable","13":"product-type-variable"},"_links":{"self":[{"href":"https:\/\/www.freyavn.com\/index.php\/wp-json\/wp\/v2\/product\/583","targetHints":{"allow":["GET"]}}],"collection":[{"href":"https:\/\/www.freyavn.com\/index.php\/wp-json\/wp\/v2\/product"}],"about":[{"href":"https:\/\/www.freyavn.com\/index.php\/wp-json\/wp\/v2\/types\/product"}],"replies":[{"embeddable":true,"href":"https:\/\/www.freyavn.com\/index.php\/wp-json\/wp\/v2\/comments?post=583"}],"wp:featuredmedia":[{"embeddable":true,"href":"https:\/\/www.freyavn.com\/index.php\/wp-json\/wp\/v2\/media\/1146"}],"wp:attachment":[{"href":"https:\/\/www.freyavn.com\/index.php\/wp-json\/wp\/v2\/media?parent=583"}],"wp:term":[{"taxonomy":"product_brand","embeddable":true,"href":"https:\/\/www.freyavn.com\/index.php\/wp-json\/wp\/v2\/product_brand?post=583"},{"taxonomy":"product_cat","embeddable":true,"href":"https:\/\/www.freyavn.com\/index.php\/wp-json\/wp\/v2\/product_cat?post=583"},{"taxonomy":"product_tag","embeddable":true,"href":"https:\/\/www.freyavn.com\/index.php\/wp-json\/wp\/v2\/product_tag?post=583"}],"curies":[{"name":"wp","href":"https:\/\/api.w.org\/{rel}","templated":true}]}}