{"id":478,"date":"2025-11-25T15:42:25","date_gmt":"2025-11-25T07:42:25","guid":{"rendered":"http:\/\/120.79.224.121\/?post_type=product&#038;p=478"},"modified":"2026-01-15T11:09:45","modified_gmt":"2026-01-15T03:09:45","slug":"kich-thuoc-lon-da-det-tui-xach","status":"publish","type":"product","link":"https:\/\/www.freyavn.com\/index.php\/product\/kich-thuoc-lon-da-det-tui-xach\/","title":{"rendered":"K\u00edch th\u01b0\u1edbc l\u1edbn da d\u1ec7t t\u00fai x\u00e1ch (32*17*20 cm)"},"content":{"rendered":"<p data-pm-slice=\"1 1 []\">\ud83c\udf8aCh\u00e0o m\u1eebng b\u1ea1n \u0111\u1ebfn v\u1edbi C\u1eeda h\u00e0ng tr\u1ef1c tuy\u1ebfn ch\u00ednh th\u1ee9c c\u1ee7a FREYA!<\/p>\n<p>\u2705Bao g\u1ed3m: T\u00fai * 1, d\u00e2y \u0111eo vai (c\u00f3 th\u1ec3 \u0111i\u1ec1u ch\u1ec9nh) * 1, t\u00fai b\u1ee5i * 1, th\u1ebb treo * 1.<\/p>\n<p>\u2705 T\u1ea5t c\u1ea3 c\u00e1c s\u1ea3n ph\u1ea9m s\u1ebd \u0111\u01b0\u1ee3c v\u1eadn chuy\u1ec3n trong 24 gi\u1edd!<\/p>\n<p>&nbsp;<\/p>\n<p>\ud83d\udc5c\ud83d\udc5cChi ti\u1ebft s\u1ea3n ph\u1ea9m \ud83d\udc5c\ud83d\udc5c<\/p>\n<p>\ud83d\udc5cTh\u00e0nh ph\u1ea7n v\u1ea3i: Da PU ch\u1ea5t l\u01b0\u1ee3ng cao<\/p>\n<p>\ud83d\udc5cTh\u00e0nh ph\u1ea7n l\u00f3t: Polyester-cotton<\/p>\n<p>\ud83d\udc5cK\u00edch th\u01b0\u1edbc<\/p>\n<p>Chi\u1ec1u d\u00e0i: 32 cm<\/p>\n<p>Chi\u1ec1u cao: 17 cm<\/p>\n<p>\u0110\u1ed9 d\u00e0y: 20 cm<\/p>\n<p><img fetchpriority=\"high\" decoding=\"async\" class=\"alignnone size-full\" src=\"https:\/\/www.freyavn.com\/wp-content\/uploads\/2025\/11\/\u5927\u56fe1-2.png\" width=\"1280\" height=\"6035\" \/><img decoding=\"async\" class=\"alignnone size-full\" src=\"https:\/\/www.freyavn.com\/wp-content\/uploads\/2025\/11\/\u5927\u56fe2-3.png\" width=\"1280\" height=\"5030\" \/><img decoding=\"async\" class=\"alignnone size-full\" src=\"https:\/\/www.freyavn.com\/wp-content\/uploads\/2025\/11\/\u5927\u56fe3-3.png\" width=\"1280\" height=\"5260\" \/><\/p>\n","protected":false},"excerpt":{"rendered":"<p>T\u00fai X\u00e1ch D\u1ec7t FREYA, C\u1ee1 L\u1edbn, Ch\u1ea5t Li\u1ec7u Da, T\u00fai \u0110eo Ch\u00e9o, Dung L\u01b0\u1ee3ng L\u1edbn, T\u00fai \u0110eo Vai, D\u1ec5 Ph\u1ed1i \u0110\u1ed3 Th\u00edch H\u1ee3p \u0110i L\u00e0m Cho N\u1eef t\u00fai x\u00e1ch n\u1eef da m\u1ec1m<\/p>\n","protected":false},"featured_media":487,"comment_status":"open","ping_status":"closed","template":"","meta":[],"product_brand":[],"product_cat":[34,37,33],"product_tag":[],"class_list":{"0":"post-478","1":"product","2":"type-product","3":"status-publish","4":"has-post-thumbnail","6":"product_cat-handbag","7":"product_cat-nongenuineleatherbag","8":"product_cat-shoulderbag","10":"first","11":"instock","12":"featured","13":"shipping-taxable","14":"purchasable","15":"product-type-variable"},"_links":{"self":[{"href":"https:\/\/www.freyavn.com\/index.php\/wp-json\/wp\/v2\/product\/478","targetHints":{"allow":["GET"]}}],"collection":[{"href":"https:\/\/www.freyavn.com\/index.php\/wp-json\/wp\/v2\/product"}],"about":[{"href":"https:\/\/www.freyavn.com\/index.php\/wp-json\/wp\/v2\/types\/product"}],"replies":[{"embeddable":true,"href":"https:\/\/www.freyavn.com\/index.php\/wp-json\/wp\/v2\/comments?post=478"}],"wp:featuredmedia":[{"embeddable":true,"href":"https:\/\/www.freyavn.com\/index.php\/wp-json\/wp\/v2\/media\/487"}],"wp:attachment":[{"href":"https:\/\/www.freyavn.com\/index.php\/wp-json\/wp\/v2\/media?parent=478"}],"wp:term":[{"taxonomy":"product_brand","embeddable":true,"href":"https:\/\/www.freyavn.com\/index.php\/wp-json\/wp\/v2\/product_brand?post=478"},{"taxonomy":"product_cat","embeddable":true,"href":"https:\/\/www.freyavn.com\/index.php\/wp-json\/wp\/v2\/product_cat?post=478"},{"taxonomy":"product_tag","embeddable":true,"href":"https:\/\/www.freyavn.com\/index.php\/wp-json\/wp\/v2\/product_tag?post=478"}],"curies":[{"name":"wp","href":"https:\/\/api.w.org\/{rel}","templated":true}]}}