{"id":436,"date":"2025-11-25T15:22:08","date_gmt":"2025-11-25T07:22:08","guid":{"rendered":"http:\/\/120.79.224.121\/?post_type=product&#038;p=436"},"modified":"2026-01-23T22:59:06","modified_gmt":"2026-01-23T14:59:06","slug":"tui-xach-sang-trong-cho-phu-nu","status":"publish","type":"product","link":"https:\/\/www.freyavn.com\/index.php\/product\/tui-xach-sang-trong-cho-phu-nu\/","title":{"rendered":"T\u00fai x\u00e1ch sang tr\u1ecdng cho ph\u1ee5 n\u1eef"},"content":{"rendered":"<p data-pm-slice=\"1 1 []\">\ud83c\udf8aCh\u00e0o m\u1eebng b\u1ea1n \u0111\u1ebfn v\u1edbi C\u1eeda h\u00e0ng tr\u1ef1c tuy\u1ebfn ch\u00ednh th\u1ee9c c\u1ee7a FREYA!<\/p>\n<p>\u2705Bao g\u1ed3m: T\u00fai * 1, d\u00e2y \u0111eo vai (c\u00f3 th\u1ec3 \u0111i\u1ec1u ch\u1ec9nh) * 1, t\u00fai \u0111\u1ef1ng b\u1ee5i * 1, th\u1ebb treo * 1.<\/p>\n<p>\u2705 T\u1ea5t c\u1ea3 c\u00e1c s\u1ea3n ph\u1ea9m s\u1ebd \u0111\u01b0\u1ee3c v\u1eadn chuy\u1ec3n trong 3 ng\u00e0y!<\/p>\n<p>&nbsp;<\/p>\n<p>\ud83d\udc5c\ud83d\udc5cChi ti\u1ebft s\u1ea3n ph\u1ea9m \ud83d\udc5c\ud83d\udc5c<\/p>\n<p>\ud83d\udc5cTh\u00e0nh ph\u1ea7n v\u1ea3i: Da b\u00f2 th\u1eadt<\/p>\n<p>\ud83d\udc5cTh\u00e0nh ph\u1ea7n l\u00f3t: Polyester-cotton<\/p>\n<p>\ud83d\udc5cK\u00edch th\u01b0\u1edbc<\/p>\n<p>Chi\u1ec1u d\u00e0i: 43 cm<\/p>\n<p>Chi\u1ec1u cao: 40 cm<\/p>\n<p>\u0110\u1ed9 d\u00e0y: 14 cm<\/p>\n<p><img fetchpriority=\"high\" decoding=\"async\" class=\"alignnone size-full\" src=\"https:\/\/www.freyavn.com\/wp-content\/uploads\/2025\/11\/\u8be6\u60c5\u56fe1\u5927\u56fe-1.jpg\" width=\"1280\" height=\"6009\" \/><img decoding=\"async\" class=\"alignnone size-full\" src=\"https:\/\/www.freyavn.com\/wp-content\/uploads\/2025\/11\/\u8be6\u60c5\u56fe2\u5927\u56fe-1.jpg\" width=\"1280\" height=\"5028\" \/><img decoding=\"async\" class=\"alignnone size-full\" src=\"https:\/\/www.freyavn.com\/wp-content\/uploads\/2025\/11\/\u8be6\u60c5\u56fe3\u5927\u56fe-1.jpg\" width=\"1280\" height=\"4346\" \/><\/p>\n","protected":false},"excerpt":{"rendered":"<p>T\u00fai Tote Da B\u00f2 Th\u1eadt FREYA, S\u1ee9c Ch\u1ee9a L\u1edbn, T\u00fai \u0110eo Vai, T\u00fai N\u1eef \u0110i L\u1ea1i Cao C\u1ea5p<\/p>\n","protected":false},"featured_media":1138,"comment_status":"open","ping_status":"closed","template":"","meta":[],"product_brand":[],"product_cat":[15,36,34],"product_tag":[],"class_list":{"0":"post-436","1":"product","2":"type-product","3":"status-publish","4":"has-post-thumbnail","6":"product_cat-totebag","7":"product_cat-genuineleatherbag","8":"product_cat-handbag","10":"first","11":"instock","12":"featured","13":"shipping-taxable","14":"purchasable","15":"product-type-variable"},"_links":{"self":[{"href":"https:\/\/www.freyavn.com\/index.php\/wp-json\/wp\/v2\/product\/436","targetHints":{"allow":["GET"]}}],"collection":[{"href":"https:\/\/www.freyavn.com\/index.php\/wp-json\/wp\/v2\/product"}],"about":[{"href":"https:\/\/www.freyavn.com\/index.php\/wp-json\/wp\/v2\/types\/product"}],"replies":[{"embeddable":true,"href":"https:\/\/www.freyavn.com\/index.php\/wp-json\/wp\/v2\/comments?post=436"}],"wp:featuredmedia":[{"embeddable":true,"href":"https:\/\/www.freyavn.com\/index.php\/wp-json\/wp\/v2\/media\/1138"}],"wp:attachment":[{"href":"https:\/\/www.freyavn.com\/index.php\/wp-json\/wp\/v2\/media?parent=436"}],"wp:term":[{"taxonomy":"product_brand","embeddable":true,"href":"https:\/\/www.freyavn.com\/index.php\/wp-json\/wp\/v2\/product_brand?post=436"},{"taxonomy":"product_cat","embeddable":true,"href":"https:\/\/www.freyavn.com\/index.php\/wp-json\/wp\/v2\/product_cat?post=436"},{"taxonomy":"product_tag","embeddable":true,"href":"https:\/\/www.freyavn.com\/index.php\/wp-json\/wp\/v2\/product_tag?post=436"}],"curies":[{"name":"wp","href":"https:\/\/api.w.org\/{rel}","templated":true}]}}