{"id":335,"date":"2025-11-24T16:46:34","date_gmt":"2025-11-24T08:46:34","guid":{"rendered":"http:\/\/120.79.224.121\/?post_type=product&#038;p=335"},"modified":"2026-01-15T11:29:29","modified_gmt":"2026-01-15T03:29:29","slug":"tui-det-bang-da-cong-suat-lon","status":"publish","type":"product","link":"https:\/\/www.freyavn.com\/index.php\/product\/tui-det-bang-da-cong-suat-lon\/","title":{"rendered":"T\u00fai d\u1ec7t b\u1eb1ng da c\u00f4ng su\u1ea5t l\u1edbn"},"content":{"rendered":"<p data-pm-slice=\"1 1 []\">\ud83c\udf8aCh\u00e0o m\u1eebng \u0111\u1ebfn v\u1edbi C\u1eeda h\u00e0ng tr\u1ef1c tuy\u1ebfn ch\u00ednh th\u1ee9c c\u1ee7a FREYA!<\/p>\n<p>\u2705 Bao g\u1ed3m: T\u00fai * 1, t\u00fai ch\u1ed1ng b\u1ee5i * 1, th\u1ebb treo * 1.<\/p>\n<p>\u2705 T\u1ea5t c\u1ea3 c\u00e1c s\u1ea3n ph\u1ea9m s\u1ebd \u0111\u01b0\u1ee3c v\u1eadn chuy\u1ec3n trong v\u00f2ng 24 gi\u1edd!<\/p>\n<p>&nbsp;<\/p>\n<p>\ud83d\udc5c\ud83d\udc5c Chi ti\u1ebft s\u1ea3n ph\u1ea9m \ud83d\udc5c\ud83d\udc5c<\/p>\n<p>\ud83d\udc5cTh\u00e0nh ph\u1ea7n v\u1ea3i: Da PU ch\u1ea5t l\u01b0\u1ee3ng cao<\/p>\n<p>\ud83d\udc5c Th\u00e0nh ph\u1ea7n l\u00f3t: Polyester-cotton<\/p>\n<p>\ud83d\udc5c K\u00edch th\u01b0\u1edbc<\/p>\n<p>Chi\u1ec1u d\u00e0i: 34 cm<\/p>\n<p>Chi\u1ec1u cao: 32 cm<\/p>\n<p>\u0110\u1ed9 d\u00e0y: 13 cm<\/p>\n<p><img fetchpriority=\"high\" decoding=\"async\" class=\"alignnone size-full\" src=\"https:\/\/www.freyavn.com\/wp-content\/uploads\/2025\/11\/\u5927\u56fe\u4e0d\u538b\u7f291-1.png\" width=\"1280\" height=\"6045\" \/><img decoding=\"async\" class=\"alignnone size-full\" src=\"https:\/\/www.freyavn.com\/wp-content\/uploads\/2025\/11\/\u5927\u56fe\u4e0d\u538b\u7f292-1.png\" width=\"1280\" height=\"5010\" \/><img decoding=\"async\" class=\"alignnone size-full\" src=\"https:\/\/www.freyavn.com\/wp-content\/uploads\/2025\/11\/\u5927\u56fe\u4e0d\u538b\u7f293-1.png\" width=\"1280\" height=\"5270\" \/><\/p>\n","protected":false},"excerpt":{"rendered":"<p>T\u00fai Bucket D\u1ec7t, FREYA, S\u1ee9c Ch\u1ee9a L\u1edbn, T\u00fai \u0110eo Vai, T\u00fai Tote Da, D\u00e0nh Cho N\u1eef, Th\u00edch H\u1ee3p \u0110i \u0110i L\u1ea1i<\/p>\n","protected":false},"featured_media":339,"comment_status":"open","ping_status":"closed","template":"","meta":[],"product_brand":[],"product_cat":[34,37,33],"product_tag":[],"class_list":{"0":"post-335","1":"product","2":"type-product","3":"status-publish","4":"has-post-thumbnail","6":"product_cat-handbag","7":"product_cat-nongenuineleatherbag","8":"product_cat-shoulderbag","10":"first","11":"instock","12":"featured","13":"shipping-taxable","14":"purchasable","15":"product-type-variable"},"_links":{"self":[{"href":"https:\/\/www.freyavn.com\/index.php\/wp-json\/wp\/v2\/product\/335","targetHints":{"allow":["GET"]}}],"collection":[{"href":"https:\/\/www.freyavn.com\/index.php\/wp-json\/wp\/v2\/product"}],"about":[{"href":"https:\/\/www.freyavn.com\/index.php\/wp-json\/wp\/v2\/types\/product"}],"replies":[{"embeddable":true,"href":"https:\/\/www.freyavn.com\/index.php\/wp-json\/wp\/v2\/comments?post=335"}],"wp:featuredmedia":[{"embeddable":true,"href":"https:\/\/www.freyavn.com\/index.php\/wp-json\/wp\/v2\/media\/339"}],"wp:attachment":[{"href":"https:\/\/www.freyavn.com\/index.php\/wp-json\/wp\/v2\/media?parent=335"}],"wp:term":[{"taxonomy":"product_brand","embeddable":true,"href":"https:\/\/www.freyavn.com\/index.php\/wp-json\/wp\/v2\/product_brand?post=335"},{"taxonomy":"product_cat","embeddable":true,"href":"https:\/\/www.freyavn.com\/index.php\/wp-json\/wp\/v2\/product_cat?post=335"},{"taxonomy":"product_tag","embeddable":true,"href":"https:\/\/www.freyavn.com\/index.php\/wp-json\/wp\/v2\/product_tag?post=335"}],"curies":[{"name":"wp","href":"https:\/\/api.w.org\/{rel}","templated":true}]}}