{"id":300,"date":"2025-11-24T16:24:50","date_gmt":"2025-11-24T08:24:50","guid":{"rendered":"http:\/\/120.79.224.121\/?post_type=product&#038;p=300"},"modified":"2026-01-23T22:57:08","modified_gmt":"2026-01-23T14:57:08","slug":"tui-det-nu","status":"publish","type":"product","link":"https:\/\/www.freyavn.com\/index.php\/product\/tui-det-nu\/","title":{"rendered":"T\u00fai X\u00e1ch Tay \u0110an Th\u1ee7 C\u00f4ng (29*18*10 cm)"},"content":{"rendered":"<p data-pm-slice=\"1 1 []\">\ud83c\udf8aCh\u00e0o m\u1eebng \u0111\u1ebfn v\u1edbi C\u1eeda h\u00e0ng tr\u1ef1c tuy\u1ebfn ch\u00ednh th\u1ee9c c\u1ee7a FREYA!<\/p>\n<p>\u2705 Bao g\u1ed3m: T\u00fai * 1, d\u00e2y \u0111eo vai (kh\u00f4ng th\u1ec3 \u0111i\u1ec1u ch\u1ec9nh) * 1, t\u00fai ch\u1ed1ng b\u1ee5i * 1, th\u1ebb treo * 1.<\/p>\n<p>\u2705 T\u1ea5t c\u1ea3 c\u00e1c s\u1ea3n ph\u1ea9m s\u1ebd \u0111\u01b0\u1ee3c v\u1eadn chuy\u1ec3n trong v\u00f2ng 3 ng\u00e0y!<\/p>\n<p>&nbsp;<\/p>\n<p>\ud83d\udc5c\ud83d\udc5c Chi ti\u1ebft s\u1ea3n ph\u1ea9m \ud83d\udc5c\ud83d\udc5c<\/p>\n<p>\ud83d\udc5cTh\u00e0nh ph\u1ea7n v\u1ea3i: Da PU ch\u1ea5t l\u01b0\u1ee3ng cao<\/p>\n<p>\ud83d\udc5c Th\u00e0nh ph\u1ea7n l\u00f3t: Polyester-cotton<\/p>\n<p>\ud83d\udc5c K\u00edch th\u01b0\u1edbc<\/p>\n<p>Chi\u1ec1u d\u00e0i: 29 cm<\/p>\n<p>Chi\u1ec1u cao: 18 cm<\/p>\n<p>\u0110\u1ed9 d\u00e0y: 10 cm<\/p>\n<p><img fetchpriority=\"high\" decoding=\"async\" class=\"alignnone size-full\" src=\"https:\/\/www.freyavn.com\/wp-content\/uploads\/2025\/11\/\u5927\u56fe1-9.png\" width=\"1280\" height=\"6048\" \/><img decoding=\"async\" class=\"alignnone size-full\" src=\"https:\/\/www.freyavn.com\/wp-content\/uploads\/2025\/11\/\u5927\u56fe2-10.png\" width=\"1280\" height=\"5075\" \/><img decoding=\"async\" class=\"alignnone size-full\" src=\"https:\/\/www.freyavn.com\/wp-content\/uploads\/2025\/11\/\u5927\u56fe3-10.png\" width=\"1280\" height=\"4259\" \/><\/p>\n","protected":false},"excerpt":{"rendered":"<p>T\u00fai Tote D\u1ec7t, T\u00fai X\u00e1ch Da, T\u00fai \u0110eo Ch\u00e9o C\u1ed5 \u0110i\u1ec3n, D\u00e0nh Cho N\u1eef, Th\u00edch H\u1ee3p \u0110i L\u1ea1i<\/p>\n","protected":false},"featured_media":948,"comment_status":"open","ping_status":"closed","template":"","meta":[],"product_brand":[],"product_cat":[15,34,37,33,35],"product_tag":[],"class_list":{"0":"post-300","1":"product","2":"type-product","3":"status-publish","4":"has-post-thumbnail","6":"product_cat-totebag","7":"product_cat-handbag","8":"product_cat-nongenuineleatherbag","9":"product_cat-shoulderbag","10":"product_cat-slingbag","12":"first","13":"instock","14":"featured","15":"shipping-taxable","16":"purchasable","17":"product-type-variable"},"_links":{"self":[{"href":"https:\/\/www.freyavn.com\/index.php\/wp-json\/wp\/v2\/product\/300","targetHints":{"allow":["GET"]}}],"collection":[{"href":"https:\/\/www.freyavn.com\/index.php\/wp-json\/wp\/v2\/product"}],"about":[{"href":"https:\/\/www.freyavn.com\/index.php\/wp-json\/wp\/v2\/types\/product"}],"replies":[{"embeddable":true,"href":"https:\/\/www.freyavn.com\/index.php\/wp-json\/wp\/v2\/comments?post=300"}],"wp:featuredmedia":[{"embeddable":true,"href":"https:\/\/www.freyavn.com\/index.php\/wp-json\/wp\/v2\/media\/948"}],"wp:attachment":[{"href":"https:\/\/www.freyavn.com\/index.php\/wp-json\/wp\/v2\/media?parent=300"}],"wp:term":[{"taxonomy":"product_brand","embeddable":true,"href":"https:\/\/www.freyavn.com\/index.php\/wp-json\/wp\/v2\/product_brand?post=300"},{"taxonomy":"product_cat","embeddable":true,"href":"https:\/\/www.freyavn.com\/index.php\/wp-json\/wp\/v2\/product_cat?post=300"},{"taxonomy":"product_tag","embeddable":true,"href":"https:\/\/www.freyavn.com\/index.php\/wp-json\/wp\/v2\/product_tag?post=300"}],"curies":[{"name":"wp","href":"https:\/\/api.w.org\/{rel}","templated":true}]}}