{"id":235,"date":"2025-11-19T22:19:49","date_gmt":"2025-11-19T14:19:49","guid":{"rendered":"http:\/\/120.79.224.121\/?post_type=product&#038;p=235"},"modified":"2026-01-15T11:26:24","modified_gmt":"2026-01-15T03:26:24","slug":"tui-xach-det-mau-macaron","status":"publish","type":"product","link":"https:\/\/www.freyavn.com\/index.php\/product\/tui-xach-det-mau-macaron\/","title":{"rendered":"T\u00fai x\u00e1ch d\u1ec7t m\u00e0u Macaron"},"content":{"rendered":"<p>\u2705Bao g\u1ed3m: T\u00fai * 1, d\u00e2y \u0111eo vai (c\u00f3 th\u1ec3 \u0111i\u1ec1u ch\u1ec9nh) * 1, t\u00fai b\u1ee5i * 1, th\u1ebb treo * 1.<\/p>\n<p>\u2705 T\u1ea5t c\u1ea3 c\u00e1c s\u1ea3n ph\u1ea9m s\u1ebd \u0111\u01b0\u1ee3c v\u1eadn chuy\u1ec3n trong 2 ng\u00e0y!<\/p>\n<p>\u2705 Th\u00e0nh ph\u1ea7n v\u1ea3i: Da PU ch\u1ea5t l\u01b0\u1ee3ng cao<\/p>\n<p>\u2705 K\u00edch th\u01b0\u1edbc<\/p>\n<p>Chi\u1ec1u d\u00e0i: 28 cm<\/p>\n<p>Chi\u1ec1u cao: 19 cm<\/p>\n<p>\u0110\u1ed9 d\u00e0y: 8 cm<\/p>\n<p><img fetchpriority=\"high\" decoding=\"async\" class=\"alignnone size-full\" src=\"https:\/\/www.freyavn.com\/wp-content\/uploads\/2025\/11\/\u8be6\u60c51\u5927\u56fe-15.jpg\" width=\"1280\" height=\"5998\" \/><\/p>\n<p><img decoding=\"async\" class=\"alignnone size-full\" src=\"https:\/\/www.freyavn.com\/wp-content\/uploads\/2025\/11\/\u8be6\u60c52\u5927\u56fe-14.jpg\" width=\"1280\" height=\"5120\" \/><img decoding=\"async\" class=\"alignnone size-full\" src=\"https:\/\/www.freyavn.com\/wp-content\/uploads\/2025\/11\/\u8be6\u60c53\u5927\u56fe-13.jpg\" width=\"1280\" height=\"4266\" \/><\/p>\n","protected":false},"excerpt":{"rendered":"<p>T\u00fai Bucket D\u1ec7t, T\u00fai Tote Da M\u1ec1m, T\u00fai \u0110eo Ch\u00e9o Macaroon, T\u00fai X\u00e1ch \u0110\u01a1n Gi\u1ea3n, D\u00e0nh Cho N\u1eef lady bag<\/p>\n","protected":false},"featured_media":256,"comment_status":"open","ping_status":"closed","template":"","meta":[],"product_brand":[],"product_cat":[15,34,37,35],"product_tag":[],"class_list":{"0":"post-235","1":"product","2":"type-product","3":"status-publish","4":"has-post-thumbnail","6":"product_cat-totebag","7":"product_cat-handbag","8":"product_cat-nongenuineleatherbag","9":"product_cat-slingbag","11":"first","12":"instock","13":"featured","14":"shipping-taxable","15":"purchasable","16":"product-type-variable"},"_links":{"self":[{"href":"https:\/\/www.freyavn.com\/index.php\/wp-json\/wp\/v2\/product\/235","targetHints":{"allow":["GET"]}}],"collection":[{"href":"https:\/\/www.freyavn.com\/index.php\/wp-json\/wp\/v2\/product"}],"about":[{"href":"https:\/\/www.freyavn.com\/index.php\/wp-json\/wp\/v2\/types\/product"}],"replies":[{"embeddable":true,"href":"https:\/\/www.freyavn.com\/index.php\/wp-json\/wp\/v2\/comments?post=235"}],"wp:featuredmedia":[{"embeddable":true,"href":"https:\/\/www.freyavn.com\/index.php\/wp-json\/wp\/v2\/media\/256"}],"wp:attachment":[{"href":"https:\/\/www.freyavn.com\/index.php\/wp-json\/wp\/v2\/media?parent=235"}],"wp:term":[{"taxonomy":"product_brand","embeddable":true,"href":"https:\/\/www.freyavn.com\/index.php\/wp-json\/wp\/v2\/product_brand?post=235"},{"taxonomy":"product_cat","embeddable":true,"href":"https:\/\/www.freyavn.com\/index.php\/wp-json\/wp\/v2\/product_cat?post=235"},{"taxonomy":"product_tag","embeddable":true,"href":"https:\/\/www.freyavn.com\/index.php\/wp-json\/wp\/v2\/product_tag?post=235"}],"curies":[{"name":"wp","href":"https:\/\/api.w.org\/{rel}","templated":true}]}}