{"id":1710,"date":"2025-12-16T15:03:58","date_gmt":"2025-12-16T07:03:58","guid":{"rendered":"http:\/\/120.79.224.121\/?post_type=product&#038;p=1710"},"modified":"2026-01-15T10:05:36","modified_gmt":"2026-01-15T02:05:36","slug":"mini-day-rut-hobo-bag","status":"publish","type":"product","link":"https:\/\/www.freyavn.com\/index.php\/product\/mini-day-rut-hobo-bag\/","title":{"rendered":"Mini d\u00e2y r\u00fat Hobo Bag"},"content":{"rendered":"<p data-pm-slice=\"1 1 []\">\ud83c\udf8aCh\u00e0o m\u1eebng b\u1ea1n \u0111\u1ebfn v\u1edbi C\u1eeda h\u00e0ng tr\u1ef1c tuy\u1ebfn ch\u00ednh th\u1ee9c c\u1ee7a FREYA!<\/p>\n<p>\u2705Bao g\u1ed3m: T\u00fai * 1, t\u00fai b\u1ee5i * 1, th\u1ebb treo * 1<\/p>\n<p>\u2705 T\u1ea5t c\u1ea3 c\u00e1c s\u1ea3n ph\u1ea9m s\u1ebd \u0111\u01b0\u1ee3c v\u1eadn chuy\u1ec3n trong 24 gi\u1edd!<\/p>\n<p>&nbsp;<\/p>\n<p>\ud83d\udc5c\ud83d\udc5cChi ti\u1ebft s\u1ea3n ph\u1ea9m \ud83d\udc5c\ud83d\udc5c<\/p>\n<p>\ud83d\udc5cTh\u00e0nh ph\u1ea7n v\u1ea3i: Da PU ch\u1ea5t l\u01b0\u1ee3ng cao<\/p>\n<p>\ud83d\udc5cTh\u00e0nh ph\u1ea7n l\u00f3t: Polyester-cotton<\/p>\n<p>\ud83d\udc5cK\u00edch th\u01b0\u1edbc<\/p>\n<p>Chi\u1ec1u d\u00e0i: 32 cm<\/p>\n<p>Chi\u1ec1u cao: 23 cm<\/p>\n<p>\u0110\u1ed9 d\u00e0y: 1 cm<\/p>\n<p><img fetchpriority=\"high\" decoding=\"async\" class=\"alignnone size-full\" src=\"https:\/\/www.freyavn.com\/wp-content\/uploads\/2025\/12\/\u8be6\u60c5\u56fe1\u5927\u56fe-23.jpg\" width=\"1280\" height=\"6021\" \/><img decoding=\"async\" class=\"alignnone size-full\" src=\"https:\/\/www.freyavn.com\/wp-content\/uploads\/2025\/12\/\u8be6\u60c5\u56fe2\u5927\u56fe-23.jpg\" width=\"1280\" height=\"5044\" \/><img decoding=\"async\" class=\"alignnone size-full\" src=\"https:\/\/www.freyavn.com\/wp-content\/uploads\/2025\/12\/\u8be6\u60c5\u56fe3\u5927\u56fe-23.jpg\" width=\"1280\" height=\"5260\" \/><\/p>\n","protected":false},"excerpt":{"rendered":"<p><span data-slate-fragment=\"JTVCJTdCJTIydHlwZSUyMiUzQSUyMnBhcmFncmFwaCUyMiUyQyUyMmNoaWxkcmVuJTIyJTNBJTVCJTdCJTIyaWQlMjIlM0ElMjJWN0FvMjZFYjVCJTIyJTJDJTIycGFyYUlkeCUyMiUzQTAlMkMlMjJzcmMlMjIlM0ElMjJUJUMzJUJBaSUyMCVDNCU5MGVvJTIwQ2glQzMlQTlvJTIwRCVFMSVCQiU4N3QlMjBGUkVZQSUyQyUyMFQlQzMlQkFpJTIwJUM0JTkwZW8lMjBWYWklMjBEYSUyQyUyMFQlQzMlQkFpJTIwRCVDMyVBMnklMjBSJUMzJUJBdCUyME5oJUUxJUJCJThGJTIwVCVDMyVCQWklMjBIb2JvJTJDJTIwRCVDMyVBMG5oJTIwQ2hvJTIwTiVFMSVCQiVBRiUyMiUyQyUyMmRzdCUyMiUzQSUyMkZSRVlBJUU3JUJDJTk2JUU3JUJCJTg3JUU4JTgyJUE5JUU1JThDJTg1JUUzJTgwJTgxJUU3JTlBJUFFJUU5JTlEJUE5JUU4JTgyJUE5JUU1JThDJTg1JUUzJTgwJTgxJUU4JUJGJUI3JUU0JUJEJUEwJUU2JThBJUJEJUU3JUJCJUIzJUU2JUI1JTgxJUU2JUI1JUFBJUU2JUIxJTg5JUU1JThDJTg1JUUzJTgwJTgxJUU1JUE1JUIzJUU1JUJDJThGJTIyJTJDJTIybWV0YWRhdGElMjIlM0ElMjIlMjIlMkMlMjJtYXRjaGVzJTIyJTNBbnVsbCUyQyUyMnRyYW5zbGF0ZWRCeSUyMiUzQW51bGwlMkMlMjJtZXRhRGF0YSUyMiUzQSU1QiU1RCUyQyUyMnRleHQlMjIlM0ElMjJUJUMzJUJBaSUyMCVDNCU5MGVvJTIwQ2glQzMlQTlvJTIwRCVFMSVCQiU4N3QlMjBGUkVZQSUyQyUyMFQlQzMlQkFpJTIwJUM0JTkwZW8lMjBWYWklMjBEYSUyQyUyMFQlQzMlQkFpJTIwRCVDMyVBMnklMjBSJUMzJUJBdCUyME5oJUUxJUJCJThGJTIwVCVDMyVCQWklMjBIb2JvJTJDJTIwRCVDMyVBMG5oJTIwQ2hvJTIwTiVFMSVCQiVBRiUyMiU3RCU1RCU3RCU1RA==\">T\u00fai \u0110eo Ch\u00e9o D\u1ec7t FREYA, T\u00fai \u0110eo Vai Da, T\u00fai D\u00e2y R\u00fat Nh\u1ecf T\u00fai Hobo, D\u00e0nh Cho N\u1eef<\/span><\/p>\n","protected":false},"featured_media":1731,"comment_status":"open","ping_status":"closed","template":"","meta":[],"product_brand":[],"product_cat":[37,33],"product_tag":[],"class_list":{"0":"post-1710","1":"product","2":"type-product","3":"status-publish","4":"has-post-thumbnail","6":"product_cat-nongenuineleatherbag","7":"product_cat-shoulderbag","9":"first","10":"instock","11":"shipping-taxable","12":"purchasable","13":"product-type-variable"},"_links":{"self":[{"href":"https:\/\/www.freyavn.com\/index.php\/wp-json\/wp\/v2\/product\/1710","targetHints":{"allow":["GET"]}}],"collection":[{"href":"https:\/\/www.freyavn.com\/index.php\/wp-json\/wp\/v2\/product"}],"about":[{"href":"https:\/\/www.freyavn.com\/index.php\/wp-json\/wp\/v2\/types\/product"}],"replies":[{"embeddable":true,"href":"https:\/\/www.freyavn.com\/index.php\/wp-json\/wp\/v2\/comments?post=1710"}],"wp:featuredmedia":[{"embeddable":true,"href":"https:\/\/www.freyavn.com\/index.php\/wp-json\/wp\/v2\/media\/1731"}],"wp:attachment":[{"href":"https:\/\/www.freyavn.com\/index.php\/wp-json\/wp\/v2\/media?parent=1710"}],"wp:term":[{"taxonomy":"product_brand","embeddable":true,"href":"https:\/\/www.freyavn.com\/index.php\/wp-json\/wp\/v2\/product_brand?post=1710"},{"taxonomy":"product_cat","embeddable":true,"href":"https:\/\/www.freyavn.com\/index.php\/wp-json\/wp\/v2\/product_cat?post=1710"},{"taxonomy":"product_tag","embeddable":true,"href":"https:\/\/www.freyavn.com\/index.php\/wp-json\/wp\/v2\/product_tag?post=1710"}],"curies":[{"name":"wp","href":"https:\/\/api.w.org\/{rel}","templated":true}]}}