{"id":146,"date":"2025-11-18T16:36:57","date_gmt":"2025-11-18T08:36:57","guid":{"rendered":"http:\/\/120.79.224.121\/?post_type=product&#038;p=146"},"modified":"2026-01-23T09:52:12","modified_gmt":"2026-01-23T01:52:12","slug":"cap-tai-lieu-da-bo-that-freya-tui-tote-suc-chua-lon-tui-deo-vai-don-gian-danh-cho-nu-tui-deo-cheo-thuong-ngay","status":"publish","type":"product","link":"https:\/\/www.freyavn.com\/index.php\/product\/cap-tai-lieu-da-bo-that-freya-tui-tote-suc-chua-lon-tui-deo-vai-don-gian-danh-cho-nu-tui-deo-cheo-thuong-ngay\/","title":{"rendered":"C\u1eb7p T\u00e0i Li\u1ec7u Da B\u00f2 Th\u1eadt FREYA, T\u00fai Tote S\u1ee9c Ch\u1ee9a L\u1edbn, T\u00fai \u0110eo Vai \u0110\u01a1n Gi\u1ea3n, D\u00e0nh Cho N\u1eef, T\u00fai \u0110eo Ch\u00e9o Th\u01b0\u1eddng Ng\u00e0y"},"content":{"rendered":"<p data-pm-slice=\"1 1 []\">\ud83c\udf8aCh\u00e0o m\u1eebng b\u1ea1n \u0111\u1ebfn v\u1edbi C\u1eeda h\u00e0ng tr\u1ef1c tuy\u1ebfn ch\u00ednh th\u1ee9c c\u1ee7a FREYA!<\/p>\n<p>\u2705Bao g\u1ed3m: T\u00fai * 1, d\u00e2y \u0111eo vai (c\u00f3 th\u1ec3 \u0111i\u1ec1u ch\u1ec9nh) * 1, t\u00fai \u0111\u1ef1ng b\u1ee5i * 1, th\u1ebb treo * 1.<\/p>\n<p>\u2705 T\u1ea5t c\u1ea3 c\u00e1c s\u1ea3n ph\u1ea9m s\u1ebd \u0111\u01b0\u1ee3c v\u1eadn chuy\u1ec3n trong 3 ng\u00e0y!<\/p>\n<p>&nbsp;<\/p>\n<p>\ud83d\udc5c\ud83d\udc5cChi ti\u1ebft s\u1ea3n ph\u1ea9m \ud83d\udc5c\ud83d\udc5c<\/p>\n<p>\ud83d\udc5cTh\u00e0nh ph\u1ea7n v\u1ea3i: Da b\u00f2 th\u1eadt (L\u1edbp tr\u00ean c\u00f9ng)<\/p>\n<p>\ud83d\udc5cTh\u00e0nh ph\u1ea7n l\u00f3t: Polyester-cotton<\/p>\n<p>\ud83d\udc5cK\u00edch th\u01b0\u1edbc<\/p>\n<p>Chi\u1ec1u d\u00e0i: 36 cm<\/p>\n<p>Chi\u1ec1u cao: 32 cm<\/p>\n<p>\u0110\u1ed9 d\u00e0y: 13 cm<\/p>\n<p><img fetchpriority=\"high\" decoding=\"async\" class=\"alignnone size-full\" src=\"https:\/\/www.freyavn.com\/wp-content\/uploads\/2025\/11\/\u5927\u56fe\u4e0d\u538b\u7f291.png\" width=\"1280\" height=\"6034\" \/><\/p>\n<p>&nbsp;<\/p>\n<p><img decoding=\"async\" class=\"alignnone size-full\" src=\"https:\/\/www.freyavn.com\/wp-content\/uploads\/2025\/11\/\u5927\u56fe\u4e0d\u538b\u7f292.png\" width=\"1280\" height=\"5018\" \/><\/p>\n<p><img decoding=\"async\" class=\"alignnone size-full\" src=\"https:\/\/www.freyavn.com\/wp-content\/uploads\/2025\/11\/\u5927\u56fe\u4e0d\u538b\u7f293.png\" width=\"1280\" height=\"4331\" \/><\/p>\n","protected":false},"excerpt":{"rendered":"<p>made of genuine cowhide leather<\/p>\n","protected":false},"featured_media":962,"comment_status":"open","ping_status":"closed","template":"","meta":[],"product_brand":[],"product_cat":[15,36,33],"product_tag":[38,39],"class_list":{"0":"post-146","1":"product","2":"type-product","3":"status-publish","4":"has-post-thumbnail","6":"product_cat-totebag","7":"product_cat-genuineleatherbag","8":"product_cat-shoulderbag","9":"product_tag-100genuineleather","10":"product_tag-the-top-layer-of-cowhide","12":"first","13":"instock","14":"featured","15":"shipping-taxable","16":"purchasable","17":"product-type-variable"},"_links":{"self":[{"href":"https:\/\/www.freyavn.com\/index.php\/wp-json\/wp\/v2\/product\/146","targetHints":{"allow":["GET"]}}],"collection":[{"href":"https:\/\/www.freyavn.com\/index.php\/wp-json\/wp\/v2\/product"}],"about":[{"href":"https:\/\/www.freyavn.com\/index.php\/wp-json\/wp\/v2\/types\/product"}],"replies":[{"embeddable":true,"href":"https:\/\/www.freyavn.com\/index.php\/wp-json\/wp\/v2\/comments?post=146"}],"wp:featuredmedia":[{"embeddable":true,"href":"https:\/\/www.freyavn.com\/index.php\/wp-json\/wp\/v2\/media\/962"}],"wp:attachment":[{"href":"https:\/\/www.freyavn.com\/index.php\/wp-json\/wp\/v2\/media?parent=146"}],"wp:term":[{"taxonomy":"product_brand","embeddable":true,"href":"https:\/\/www.freyavn.com\/index.php\/wp-json\/wp\/v2\/product_brand?post=146"},{"taxonomy":"product_cat","embeddable":true,"href":"https:\/\/www.freyavn.com\/index.php\/wp-json\/wp\/v2\/product_cat?post=146"},{"taxonomy":"product_tag","embeddable":true,"href":"https:\/\/www.freyavn.com\/index.php\/wp-json\/wp\/v2\/product_tag?post=146"}],"curies":[{"name":"wp","href":"https:\/\/api.w.org\/{rel}","templated":true}]}}