{"id":1343,"date":"2025-12-08T16:39:34","date_gmt":"2025-12-08T08:39:34","guid":{"rendered":"http:\/\/120.79.224.121\/?post_type=product&#038;p=1343"},"modified":"2026-01-15T10:26:09","modified_gmt":"2026-01-15T02:26:09","slug":"du-lich-mini-shoulder-bag","status":"publish","type":"product","link":"https:\/\/www.freyavn.com\/index.php\/product\/du-lich-mini-shoulder-bag\/","title":{"rendered":"Du l\u1ecbch Mini Shoulder Bag"},"content":{"rendered":"<p data-pm-slice=\"1 1 []\">\ud83c\udf8aCh\u00e0o m\u1eebng b\u1ea1n \u0111\u1ebfn v\u1edbi C\u1eeda h\u00e0ng tr\u1ef1c tuy\u1ebfn ch\u00ednh th\u1ee9c c\u1ee7a FREYA!<\/p>\n<p>\u2705Bao g\u1ed3m: T\u00fai * 1, d\u00e2y \u0111eo vai (c\u00f3 th\u1ec3 \u0111i\u1ec1u ch\u1ec9nh) * 1, t\u00fai b\u1ee5i * 1, th\u1ebb treo * 1.<\/p>\n<p>\u2705 T\u1ea5t c\u1ea3 c\u00e1c s\u1ea3n ph\u1ea9m s\u1ebd \u0111\u01b0\u1ee3c v\u1eadn chuy\u1ec3n trong 24 gi\u1edd!<\/p>\n<p>&nbsp;<\/p>\n<p>\ud83d\udc5c\ud83d\udc5cChi ti\u1ebft s\u1ea3n ph\u1ea9m \ud83d\udc5c\ud83d\udc5c<\/p>\n<p>\ud83d\udc5cTh\u00e0nh ph\u1ea7n v\u1ea3i: Da b\u00f2 th\u1eadt<\/p>\n<p>\ud83d\udc5cTh\u00e0nh ph\u1ea7n l\u00f3t: Polyester-cotton<\/p>\n<p>\ud83d\udc5cK\u00edch th\u01b0\u1edbc<\/p>\n<p>Chi\u1ec1u d\u00e0i: 24 cm<\/p>\n<p>Chi\u1ec1u cao: 15 cm<\/p>\n<p>\u0110\u1ed9 d\u00e0y: 10 cm<\/p>\n<p><img fetchpriority=\"high\" decoding=\"async\" class=\"alignnone size-full\" src=\"https:\/\/www.freyavn.com\/wp-content\/uploads\/2025\/12\/\u8be6\u60c5\u56fe1\u5927\u56fe-8.jpg\" width=\"1280\" height=\"6048\" \/><img decoding=\"async\" class=\"alignnone size-full\" src=\"https:\/\/www.freyavn.com\/wp-content\/uploads\/2025\/12\/\u8be6\u60c5\u56fe2\u5927\u56fe-8.jpg\" width=\"1280\" height=\"4710\" \/><img decoding=\"async\" class=\"alignnone size-full\" src=\"https:\/\/www.freyavn.com\/wp-content\/uploads\/2025\/12\/\u8be6\u60c5\u56fe3\u5927\u56fe-8.jpg\" width=\"1280\" height=\"4625\" \/><\/p>\n","protected":false},"excerpt":{"rendered":"<p>T\u00fai X\u00e1ch Da Th\u1eadt FREYA, T\u00fai \u0110eo Ch\u00e9o Da B\u00f2, T\u00fai Bucket \u0110\u01a1n Gi\u1ea3n, Th\u00edch H\u1ee3p \u0110i L\u1ea1i, T\u00fai \u0110eo Vai Mini, T\u00fai N\u1eef<\/p>\n","protected":false},"featured_media":1346,"comment_status":"open","ping_status":"closed","template":"","meta":[],"product_brand":[],"product_cat":[36,34,33],"product_tag":[],"class_list":{"0":"post-1343","1":"product","2":"type-product","3":"status-publish","4":"has-post-thumbnail","6":"product_cat-genuineleatherbag","7":"product_cat-handbag","8":"product_cat-shoulderbag","10":"first","11":"instock","12":"shipping-taxable","13":"purchasable","14":"product-type-variable"},"_links":{"self":[{"href":"https:\/\/www.freyavn.com\/index.php\/wp-json\/wp\/v2\/product\/1343","targetHints":{"allow":["GET"]}}],"collection":[{"href":"https:\/\/www.freyavn.com\/index.php\/wp-json\/wp\/v2\/product"}],"about":[{"href":"https:\/\/www.freyavn.com\/index.php\/wp-json\/wp\/v2\/types\/product"}],"replies":[{"embeddable":true,"href":"https:\/\/www.freyavn.com\/index.php\/wp-json\/wp\/v2\/comments?post=1343"}],"wp:featuredmedia":[{"embeddable":true,"href":"https:\/\/www.freyavn.com\/index.php\/wp-json\/wp\/v2\/media\/1346"}],"wp:attachment":[{"href":"https:\/\/www.freyavn.com\/index.php\/wp-json\/wp\/v2\/media?parent=1343"}],"wp:term":[{"taxonomy":"product_brand","embeddable":true,"href":"https:\/\/www.freyavn.com\/index.php\/wp-json\/wp\/v2\/product_brand?post=1343"},{"taxonomy":"product_cat","embeddable":true,"href":"https:\/\/www.freyavn.com\/index.php\/wp-json\/wp\/v2\/product_cat?post=1343"},{"taxonomy":"product_tag","embeddable":true,"href":"https:\/\/www.freyavn.com\/index.php\/wp-json\/wp\/v2\/product_tag?post=1343"}],"curies":[{"name":"wp","href":"https:\/\/api.w.org\/{rel}","templated":true}]}}