{"id":1233,"date":"2025-12-05T16:59:43","date_gmt":"2025-12-05T08:59:43","guid":{"rendered":"http:\/\/120.79.224.121\/?post_type=product&#038;p=1233"},"modified":"2026-01-15T10:27:48","modified_gmt":"2026-01-15T02:27:48","slug":"tui-xach-nu-thiet-ke-doc-dao","status":"publish","type":"product","link":"https:\/\/www.freyavn.com\/index.php\/product\/tui-xach-nu-thiet-ke-doc-dao\/","title":{"rendered":"T\u00fai x\u00e1ch n\u1eef thi\u1ebft k\u1ebf \u0111\u1ed9c \u0111\u00e1o"},"content":{"rendered":"<p data-pm-slice=\"1 1 []\">\ud83c\udf8aCh\u00e0o m\u1eebng b\u1ea1n \u0111\u1ebfn v\u1edbi C\u1eeda h\u00e0ng tr\u1ef1c tuy\u1ebfn ch\u00ednh th\u1ee9c c\u1ee7a FREYA!<\/p>\n<p>\u2705Bao g\u1ed3m: T\u00fai * 1, d\u00e2y \u0111eo vai (c\u00f3 th\u1ec3 \u0111i\u1ec1u ch\u1ec9nh) * 1, t\u00fai b\u1ee5i * 1, th\u1ebb treo * 1.<\/p>\n<p>\u2705 T\u1ea5t c\u1ea3 c\u00e1c s\u1ea3n ph\u1ea9m s\u1ebd \u0111\u01b0\u1ee3c v\u1eadn chuy\u1ec3n trong 2 ng\u00e0y!<\/p>\n<p>&nbsp;<\/p>\n<p>\ud83d\udc5c\ud83d\udc5cChi ti\u1ebft s\u1ea3n ph\u1ea9m \ud83d\udc5c\ud83d\udc5c<\/p>\n<p>\ud83d\udc5cTh\u00e0nh ph\u1ea7n v\u1ea3i: Da b\u00f2 th\u1eadt (L\u1edbp tr\u00ean c\u00f9ng)<\/p>\n<p>\ud83d\udc5cTh\u00e0nh ph\u1ea7n l\u00f3t: Polyester-cotton<\/p>\n<p>\ud83d\udc5cK\u00edch th\u01b0\u1edbc<\/p>\n<p>Chi\u1ec1u d\u00e0i: 20 cm<\/p>\n<p>Chi\u1ec1u cao: 12 cm<\/p>\n<p>\u0110\u1ed9 d\u00e0y: 6 cm<\/p>\n<p><img fetchpriority=\"high\" decoding=\"async\" class=\"alignnone size-full\" src=\"https:\/\/www.freyavn.com\/wp-content\/uploads\/2025\/12\/\u8be6\u60c5\u56fe1\u5927\u56fe-3.jpg\" width=\"1280\" height=\"6022\" \/><img decoding=\"async\" class=\"alignnone size-full\" src=\"https:\/\/www.freyavn.com\/wp-content\/uploads\/2025\/12\/\u8be6\u60c5\u56fe2\u5927\u56fe-3.jpg\" width=\"1280\" height=\"5043\" \/><img decoding=\"async\" class=\"alignnone size-full\" src=\"https:\/\/www.freyavn.com\/wp-content\/uploads\/2025\/12\/\u8be6\u60c5\u56fe3\u5927\u56fe-3.jpg\" width=\"1280\" height=\"4318\" \/><\/p>\n","protected":false},"excerpt":{"rendered":"<p>T\u00fai \u0110eo Ch\u00e9o Da Th\u1eadt FREYA, T\u00fai X\u00e1ch \u0110\u01a1n Gi\u1ea3n, \u0110\u01b0\u1ee3c L\u00e0m B\u1eb1ng Da B\u00f2 L\u1edbp Tr\u00ean C\u00f9ng, T\u00fai \u0110eo Vai, D\u00e0nh Cho N\u1eef, Thi\u1ebft K\u1ebf \u0110\u1ed9c \u0110\u00e1o<\/p>\n","protected":false},"featured_media":1242,"comment_status":"open","ping_status":"closed","template":"","meta":[],"product_brand":[],"product_cat":[36,34],"product_tag":[],"class_list":{"0":"post-1233","1":"product","2":"type-product","3":"status-publish","4":"has-post-thumbnail","6":"product_cat-genuineleatherbag","7":"product_cat-handbag","9":"first","10":"instock","11":"shipping-taxable","12":"purchasable","13":"product-type-variable"},"_links":{"self":[{"href":"https:\/\/www.freyavn.com\/index.php\/wp-json\/wp\/v2\/product\/1233","targetHints":{"allow":["GET"]}}],"collection":[{"href":"https:\/\/www.freyavn.com\/index.php\/wp-json\/wp\/v2\/product"}],"about":[{"href":"https:\/\/www.freyavn.com\/index.php\/wp-json\/wp\/v2\/types\/product"}],"replies":[{"embeddable":true,"href":"https:\/\/www.freyavn.com\/index.php\/wp-json\/wp\/v2\/comments?post=1233"}],"wp:featuredmedia":[{"embeddable":true,"href":"https:\/\/www.freyavn.com\/index.php\/wp-json\/wp\/v2\/media\/1242"}],"wp:attachment":[{"href":"https:\/\/www.freyavn.com\/index.php\/wp-json\/wp\/v2\/media?parent=1233"}],"wp:term":[{"taxonomy":"product_brand","embeddable":true,"href":"https:\/\/www.freyavn.com\/index.php\/wp-json\/wp\/v2\/product_brand?post=1233"},{"taxonomy":"product_cat","embeddable":true,"href":"https:\/\/www.freyavn.com\/index.php\/wp-json\/wp\/v2\/product_cat?post=1233"},{"taxonomy":"product_tag","embeddable":true,"href":"https:\/\/www.freyavn.com\/index.php\/wp-json\/wp\/v2\/product_tag?post=1233"}],"curies":[{"name":"wp","href":"https:\/\/api.w.org\/{rel}","templated":true}]}}